{"id":334,"date":"2015-04-16T11:34:15","date_gmt":"2015-04-16T11:34:15","guid":{"rendered":"http:\/\/www.parqueisol.es\/web\/?page_id=334"},"modified":"2015-04-29T08:04:40","modified_gmt":"2015-04-29T08:04:40","slug":"el-parque-4","status":"publish","type":"page","link":"https:\/\/www.parqueisol.es\/?page_id=334","title":{"rendered":"El Parque"},"content":{"rendered":"<p style=\"text-align: justify;\"><span style=\"font-size: 12pt;\">El Parque de Ocio Los Juncos es una opci\u00f3n de ocio y deporte para toda la familia, ubicado en Molina de Segura, a tan s\u00f3lo 10 minutos de Murcia.<\/span><\/p>\n<p style=\"text-align: justify;\"><span style=\"font-size: 12pt;\">Nuestras instalaciones est\u00e1n pensadas para el disfrute de ni\u00f1os\/as, j\u00f3venes y sus familiares, as\u00ed como personas con discapacidad ya que contamos con espacios y actividades adaptadas, teniendo personal especializado en su cuidado y acompa\u00f1amiento.<\/span><\/p>\n<p style=\"text-align: justify;\"><span style=\"font-size: 12pt;\">En el Parque de Ocio Los Juncos encontrar\u00e1s desde la posibilidad de pasear en un entorno agradable, realizar actividades de aventura en nuestra \u00e1rea de multiaventura, celebrar eventos (cumplea\u00f1os, comuniones, comidas de empresa, etc\u2026), participar en actividades deportivas, hasta realizar excursiones para colegios con una capacidad de hasta 300 ni\u00f1os, contando monitores\/as especialistas y con experiencia en Actividades de Animaci\u00f3n y Ocio Infantil.<\/span><\/p>\n<p style=\"text-align: justify;\"><span style=\"font-size: 12pt;\">Les damos la Bienvenida, y esperamos que disfruten con la visita a nuestras instalaciones.<\/span><\/p>\n<p style=\"text-align: center;\"><div class=\"su-button-center\"><a href=\"http:\/\/www.parqueisol.es\/web\/?page_id=634\" class=\"su-button su-button-style-ghost\" style=\"color:#FFFFFF;background-color:#ffffff;border-color:#cccccc;border-radius:0px;-moz-border-radius:0px;-webkit-border-radius:0px\" target=\"_self\"><span style=\"color:#FFFFFF;padding:8px 24px;font-size:18px;line-height:27px;border-color:#ffffff;border-radius:0px;-moz-border-radius:0px;-webkit-border-radius:0px;text-shadow:none;-moz-text-shadow:none;-webkit-text-shadow:none\"><i class=\"sui sui-group\" style=\"font-size:18px;color:#FFFFFF\"><\/i> \u00bfQui\u00e9nes somos?<\/span><\/a><\/div>\n<p style=\"text-align: left;\"><div class=\"ctsc-spacer  \" style=\"height:20px\"><\/div>\n<p style=\"text-align: justify;\"><div class=\"su-animate\" style=\"opacity:0;-webkit-animation-duration:1s;-webkit-animation-delay:0s;animation-duration:1s;animation-delay:0s;\" data-animation=\"bounceIn\" data-duration=\"1\" data-delay=\"0\">\n<p style=\"text-align: justify;\"><div class=\"ctsc-column ctsc-col3\">\n<div class=\"su-service\"><div class=\"su-service-title\" style=\"padding-left:114px;min-height:100px;line-height:100px\"><i class=\"sui sui-photo\" style=\"font-size:100px;color:#ffffff\"><\/i> Espacio natural<\/div><div class=\"su-service-content su-u-clearfix su-u-trim\" style=\"padding-left:114px\">El Parque cuenta con 50.000 m2 de naturaleza en un enclave privilegiado desde donde se puede disfrutar de unas espectaculares vistas de las principales sierras que componen el territorio de la Regi\u00f3n de Murcia.<\/div><\/div>\n<\/div><div class=\"ctsc-column ctsc-col3\">\n<div class=\"su-service\"><div class=\"su-service-title\" style=\"padding-left:114px;min-height:100px;line-height:100px\"><i class=\"sui sui-wheelchair\" style=\"font-size:100px;color:#ffffff\"><\/i> Discapacidad<\/div><div class=\"su-service-content su-u-clearfix su-u-trim\" style=\"padding-left:114px\">Contamos con espacios y actividades adaptadas, teniendo personal especializado en su cuidado y acompa\u00f1amiento.<\/div><\/div>\n<\/div><div class=\"ctsc-column ctsc-col3 ctsc-col-last\">\n<div class=\"su-service\"><div class=\"su-service-title\" style=\"padding-left:114px;min-height:100px;line-height:100px\"><i class=\"sui sui-smile-o\" style=\"font-size:100px;color:#ffffff\"><\/i> Celebraciones y eventos<\/div><div class=\"su-service-content su-u-clearfix su-u-trim\" style=\"padding-left:114px\">En el Parque podr\u00e1s celebrar todo tipo de eventos (cumplea\u00f1os, comuniones, comidas de empresa, etc\u2026)<\/div><\/div>\n<\/div><div class=\"col-divide\"><\/div>\n<\/div>\n","protected":false},"excerpt":{"rendered":"<p>El Parque de Ocio Los Juncos es una opci\u00f3n de ocio y deporte para toda la familia, ubicado en Molina de Segura, a tan s\u00f3lo 10 minutos de Murcia. Nuestras instalaciones est\u00e1n pensadas para el disfrute de ni\u00f1os\/as, j\u00f3venes y sus familiares, as\u00ed como personas con discapacidad ya que contamos con espacios y actividades adaptadas, [&hellip;]<\/p>\n","protected":false},"author":1,"featured_media":0,"parent":0,"menu_order":0,"comment_status":"open","ping_status":"open","template":"","meta":{"_et_pb_use_builder":"","_et_pb_old_content":"","_et_gb_content_width":"","footnotes":""},"_links":{"self":[{"href":"https:\/\/www.parqueisol.es\/index.php?rest_route=\/wp\/v2\/pages\/334"}],"collection":[{"href":"https:\/\/www.parqueisol.es\/index.php?rest_route=\/wp\/v2\/pages"}],"about":[{"href":"https:\/\/www.parqueisol.es\/index.php?rest_route=\/wp\/v2\/types\/page"}],"author":[{"embeddable":true,"href":"https:\/\/www.parqueisol.es\/index.php?rest_route=\/wp\/v2\/users\/1"}],"replies":[{"embeddable":true,"href":"https:\/\/www.parqueisol.es\/index.php?rest_route=%2Fwp%2Fv2%2Fcomments&post=334"}],"version-history":[{"count":41,"href":"https:\/\/www.parqueisol.es\/index.php?rest_route=\/wp\/v2\/pages\/334\/revisions"}],"predecessor-version":[{"id":639,"href":"https:\/\/www.parqueisol.es\/index.php?rest_route=\/wp\/v2\/pages\/334\/revisions\/639"}],"wp:attachment":[{"href":"https:\/\/www.parqueisol.es\/index.php?rest_route=%2Fwp%2Fv2%2Fmedia&parent=334"}],"curies":[{"name":"wp","href":"https:\/\/api.w.org\/{rel}","templated":true}]}}