{"id":634,"date":"2015-04-29T07:51:06","date_gmt":"2015-04-29T07:51:06","guid":{"rendered":"http:\/\/www.parqueisol.es\/web\/?page_id=634"},"modified":"2015-04-29T08:14:48","modified_gmt":"2015-04-29T08:14:48","slug":"asociacion-murciana-de-rehabilitacion-psicosocial","status":"publish","type":"page","link":"https:\/\/www.parqueisol.es\/?page_id=634","title":{"rendered":"Asociaci\u00f3n Murciana de Rehabilitaci\u00f3n Psicosocial"},"content":{"rendered":"<p><span style=\"color: #008000;\"><strong>\u00bfQui\u00e9nes somos?<\/strong><\/span><\/p>\n<p>La Asociaci\u00f3n Murciana de Rehabilitaci\u00f3n Psicosocial tiene como principal objetivo la reinserci\u00f3n social y laboral de enfermos mentales. A trav\u00e9s de sus talleres ocupacionales se colabora activamente en la construcci\u00f3n del Parque de Ocio Los Juncos, situado en la antigua escombrera de Molina de Segura, y que actualmente cuenta con unas espl\u00e9ndidas instalaciones, en un entorno natural y con unas magn\u00edficas vistas.<br \/>\nLa Asociaci\u00f3n ha constituido entre otras la empresa de inserci\u00f3n sociolaboral \u00abOcio Activo El Chorrico\u00bb, dedicada a explotar dichas instalaciones, a fin de obtener recursos econ\u00f3micos que garanticen el mantenimiento y ampliaci\u00f3n de los Proyectos y Servicios que ya presta.<br \/>\nPara buen fin de este proyecto, contamos con un grupo de monitores\/as cualificados para organizar Actividades de Animaci\u00f3n y Ocio Infantil, con amplia experiencia y titulaci\u00f3n adecuada para llevar a cabo sus funciones.<\/p>\n<p><span style=\"color: #008000;\"><strong>\u00bfComo surge el Parque de Ocio Los Juncos?<\/strong><\/span><\/p>\n<p>El Parque de Ocio Los Juncos, es una iniciativa que se pone en marcha a ra\u00edz del Proyecto \u00abIbn Arab\u00ed\u00bb en Mayo de 2005. Siendo cofinanciado por el Fondo Social Europeo, con la participaci\u00f3n de la Consejer\u00eda de Sanidad y Consumo de la Comunidad Aut\u00f3noma de Murcia, Ayuntamiento de Molina de Segura y la Asociaci\u00f3n Murciana de Rehabilitaci\u00f3n Psicosocial, entre otros.<\/p>\n<p>Nuestro objetivo principal es la formaci\u00f3n prelaboral y la creaci\u00f3n de empleo para la inserci\u00f3n sociolaboral de enfermos mentales en tratamiento de rehabilitaci\u00f3n, entre otros, al tiempo que se crea un espacio l\u00fadico, did\u00e1ctico, cultural y en armon\u00eda con la naturaleza.<\/p>\n<p>Adem\u00e1s, para la realizaci\u00f3n de Parque de Ocio Los Juncos, se ha llevado a cabo un importante Proyecto Medioambiental de Regeneraci\u00f3n en un espacio degradado como en la antigua escombrera municipal de Molina de Segura.<\/p>\n<p>&nbsp;<\/p>\n","protected":false},"excerpt":{"rendered":"<p>\u00bfQui\u00e9nes somos? La Asociaci\u00f3n Murciana de Rehabilitaci\u00f3n Psicosocial tiene como principal objetivo la reinserci\u00f3n social y laboral de enfermos mentales. A trav\u00e9s de sus talleres ocupacionales se colabora activamente en la construcci\u00f3n del Parque de Ocio Los Juncos, situado en la antigua escombrera de Molina de Segura, y que actualmente cuenta con unas espl\u00e9ndidas instalaciones, [&hellip;]<\/p>\n","protected":false},"author":1,"featured_media":0,"parent":0,"menu_order":0,"comment_status":"closed","ping_status":"closed","template":"","meta":{"_et_pb_use_builder":"","_et_pb_old_content":"","_et_gb_content_width":"","footnotes":""},"_links":{"self":[{"href":"https:\/\/www.parqueisol.es\/index.php?rest_route=\/wp\/v2\/pages\/634"}],"collection":[{"href":"https:\/\/www.parqueisol.es\/index.php?rest_route=\/wp\/v2\/pages"}],"about":[{"href":"https:\/\/www.parqueisol.es\/index.php?rest_route=\/wp\/v2\/types\/page"}],"author":[{"embeddable":true,"href":"https:\/\/www.parqueisol.es\/index.php?rest_route=\/wp\/v2\/users\/1"}],"replies":[{"embeddable":true,"href":"https:\/\/www.parqueisol.es\/index.php?rest_route=%2Fwp%2Fv2%2Fcomments&post=634"}],"version-history":[{"count":1,"href":"https:\/\/www.parqueisol.es\/index.php?rest_route=\/wp\/v2\/pages\/634\/revisions"}],"predecessor-version":[{"id":636,"href":"https:\/\/www.parqueisol.es\/index.php?rest_route=\/wp\/v2\/pages\/634\/revisions\/636"}],"wp:attachment":[{"href":"https:\/\/www.parqueisol.es\/index.php?rest_route=%2Fwp%2Fv2%2Fmedia&parent=634"}],"curies":[{"name":"wp","href":"https:\/\/api.w.org\/{rel}","templated":true}]}}